{"id":9926,"date":"2023-02-16T22:55:22","date_gmt":"2023-02-17T03:55:22","guid":{"rendered":"https:\/\/sandrabernal.co\/producto\/mascara-perla-y-caviar-200g\/"},"modified":"2023-11-11T12:00:20","modified_gmt":"2023-11-11T17:00:20","slug":"mascara-perla-y-caviar-200g","status":"publish","type":"product","link":"https:\/\/sandrabernal.co\/en\/product\/mascara-perla-y-caviar-200g\/","title":{"rendered":"Mascara Perla y Caviar 200g"},"content":{"rendered":"","protected":false},"excerpt":{"rendered":"<p>Humectaci\u00f3n, hidrataci\u00f3n y revitalizaci\u00f3n intensiva de la piel. Con microesferas de Retinol y Vitamina E.<\/p>","protected":false},"featured_media":9890,"comment_status":"closed","ping_status":"closed","template":"","meta":{"_joinchat":[]},"product_cat":[81],"product_tag":[],"class_list":{"0":"post-9926","1":"product","2":"type-product","3":"status-publish","4":"has-post-thumbnail","6":"product_cat-mascarillas","8":"first","9":"instock","10":"shipping-taxable","11":"purchasable","12":"product-type-simple"},"_links":{"self":[{"href":"https:\/\/sandrabernal.co\/en\/wp-json\/wp\/v2\/product\/9926","targetHints":{"allow":["GET"]}}],"collection":[{"href":"https:\/\/sandrabernal.co\/en\/wp-json\/wp\/v2\/product"}],"about":[{"href":"https:\/\/sandrabernal.co\/en\/wp-json\/wp\/v2\/types\/product"}],"replies":[{"embeddable":true,"href":"https:\/\/sandrabernal.co\/en\/wp-json\/wp\/v2\/comments?post=9926"}],"version-history":[{"count":0,"href":"https:\/\/sandrabernal.co\/en\/wp-json\/wp\/v2\/product\/9926\/revisions"}],"wp:featuredmedia":[{"embeddable":true,"href":"https:\/\/sandrabernal.co\/en\/wp-json\/wp\/v2\/media\/9890"}],"wp:attachment":[{"href":"https:\/\/sandrabernal.co\/en\/wp-json\/wp\/v2\/media?parent=9926"}],"wp:term":[{"taxonomy":"product_cat","embeddable":true,"href":"https:\/\/sandrabernal.co\/en\/wp-json\/wp\/v2\/product_cat?post=9926"},{"taxonomy":"product_tag","embeddable":true,"href":"https:\/\/sandrabernal.co\/en\/wp-json\/wp\/v2\/product_tag?post=9926"}],"curies":[{"name":"wp","href":"https:\/\/api.w.org\/{rel}","templated":true}]}}