{"id":9920,"date":"2023-02-16T22:55:22","date_gmt":"2023-02-17T03:55:22","guid":{"rendered":"https:\/\/sandrabernal.co\/producto\/nutritiva-anti-rughe-60g\/"},"modified":"2025-06-09T09:19:30","modified_gmt":"2025-06-09T14:19:30","slug":"nutritiva-anti-rughe-60g","status":"publish","type":"product","link":"https:\/\/sandrabernal.co\/en\/product\/nutritiva-anti-rughe-60g\/","title":{"rendered":"Nutritiva Anti-Rughe 60g"},"content":{"rendered":"","protected":false},"excerpt":{"rendered":"<p>Con p\u00e9ptidos Anti-Age que rellenan naturalmente la piel, disminuyendo arrugas y l\u00edneas de expresi\u00f3n.<\/p>","protected":false},"featured_media":9887,"comment_status":"closed","ping_status":"closed","template":"","meta":{"_joinchat":[]},"product_cat":[80],"product_tag":[],"class_list":{"0":"post-9920","1":"product","2":"type-product","3":"status-publish","4":"has-post-thumbnail","6":"product_cat-hidratantes-y-humectantes","8":"first","9":"instock","10":"shipping-taxable","11":"purchasable","12":"product-type-simple"},"_links":{"self":[{"href":"https:\/\/sandrabernal.co\/en\/wp-json\/wp\/v2\/product\/9920","targetHints":{"allow":["GET"]}}],"collection":[{"href":"https:\/\/sandrabernal.co\/en\/wp-json\/wp\/v2\/product"}],"about":[{"href":"https:\/\/sandrabernal.co\/en\/wp-json\/wp\/v2\/types\/product"}],"replies":[{"embeddable":true,"href":"https:\/\/sandrabernal.co\/en\/wp-json\/wp\/v2\/comments?post=9920"}],"version-history":[{"count":1,"href":"https:\/\/sandrabernal.co\/en\/wp-json\/wp\/v2\/product\/9920\/revisions"}],"predecessor-version":[{"id":11952,"href":"https:\/\/sandrabernal.co\/en\/wp-json\/wp\/v2\/product\/9920\/revisions\/11952"}],"wp:featuredmedia":[{"embeddable":true,"href":"https:\/\/sandrabernal.co\/en\/wp-json\/wp\/v2\/media\/9887"}],"wp:attachment":[{"href":"https:\/\/sandrabernal.co\/en\/wp-json\/wp\/v2\/media?parent=9920"}],"wp:term":[{"taxonomy":"product_cat","embeddable":true,"href":"https:\/\/sandrabernal.co\/en\/wp-json\/wp\/v2\/product_cat?post=9920"},{"taxonomy":"product_tag","embeddable":true,"href":"https:\/\/sandrabernal.co\/en\/wp-json\/wp\/v2\/product_tag?post=9920"}],"curies":[{"name":"wp","href":"https:\/\/api.w.org\/{rel}","templated":true}]}}