{"id":9918,"date":"2023-02-16T22:55:22","date_gmt":"2023-02-17T03:55:22","guid":{"rendered":"https:\/\/sandrabernal.co\/producto\/humectante-extrahidratante-120g\/"},"modified":"2025-06-09T09:18:59","modified_gmt":"2025-06-09T14:18:59","slug":"humectante-extrahidratante-120g","status":"publish","type":"product","link":"https:\/\/sandrabernal.co\/en\/product\/humectante-extrahidratante-120g\/","title":{"rendered":"Humectante Extrahidratante 120g"},"content":{"rendered":"","protected":false},"excerpt":{"rendered":"<p>Con \u00e1cido hialur\u00f3nico y \u00e1cido linoleico que aportan humectaci\u00f3n inmediata a la piel.<\/p>","protected":false},"featured_media":9885,"comment_status":"closed","ping_status":"closed","template":"","meta":{"_joinchat":[]},"product_cat":[80],"product_tag":[],"class_list":{"0":"post-9918","1":"product","2":"type-product","3":"status-publish","4":"has-post-thumbnail","6":"product_cat-hidratantes-y-humectantes","8":"first","9":"instock","10":"shipping-taxable","11":"purchasable","12":"product-type-simple"},"_links":{"self":[{"href":"https:\/\/sandrabernal.co\/en\/wp-json\/wp\/v2\/product\/9918","targetHints":{"allow":["GET"]}}],"collection":[{"href":"https:\/\/sandrabernal.co\/en\/wp-json\/wp\/v2\/product"}],"about":[{"href":"https:\/\/sandrabernal.co\/en\/wp-json\/wp\/v2\/types\/product"}],"replies":[{"embeddable":true,"href":"https:\/\/sandrabernal.co\/en\/wp-json\/wp\/v2\/comments?post=9918"}],"version-history":[{"count":1,"href":"https:\/\/sandrabernal.co\/en\/wp-json\/wp\/v2\/product\/9918\/revisions"}],"predecessor-version":[{"id":11951,"href":"https:\/\/sandrabernal.co\/en\/wp-json\/wp\/v2\/product\/9918\/revisions\/11951"}],"wp:featuredmedia":[{"embeddable":true,"href":"https:\/\/sandrabernal.co\/en\/wp-json\/wp\/v2\/media\/9885"}],"wp:attachment":[{"href":"https:\/\/sandrabernal.co\/en\/wp-json\/wp\/v2\/media?parent=9918"}],"wp:term":[{"taxonomy":"product_cat","embeddable":true,"href":"https:\/\/sandrabernal.co\/en\/wp-json\/wp\/v2\/product_cat?post=9918"},{"taxonomy":"product_tag","embeddable":true,"href":"https:\/\/sandrabernal.co\/en\/wp-json\/wp\/v2\/product_tag?post=9918"}],"curies":[{"name":"wp","href":"https:\/\/api.w.org\/{rel}","templated":true}]}}