{"id":9912,"date":"2023-02-16T22:55:21","date_gmt":"2023-02-17T03:55:21","guid":{"rendered":"https:\/\/sandrabernal.co\/producto\/acido-ferulico\/"},"modified":"2023-11-08T17:49:26","modified_gmt":"2023-11-08T22:49:26","slug":"acido-ferulico","status":"publish","type":"product","link":"https:\/\/sandrabernal.co\/en\/product\/acido-ferulico\/","title":{"rendered":"\u00c1cido fer\u00falico"},"content":{"rendered":"","protected":false},"excerpt":{"rendered":"<p>Antioxidante de alta potencia que previene la aparici\u00f3n de l\u00edneas de expresi\u00f3n.<\/p>","protected":false},"featured_media":9880,"comment_status":"closed","ping_status":"closed","template":"","meta":{"_joinchat":[]},"product_cat":[78],"product_tag":[],"class_list":{"0":"post-9912","1":"product","2":"type-product","3":"status-publish","4":"has-post-thumbnail","6":"product_cat-antioxidantes","8":"first","9":"instock","10":"shipping-taxable","11":"purchasable","12":"product-type-simple"},"_links":{"self":[{"href":"https:\/\/sandrabernal.co\/en\/wp-json\/wp\/v2\/product\/9912","targetHints":{"allow":["GET"]}}],"collection":[{"href":"https:\/\/sandrabernal.co\/en\/wp-json\/wp\/v2\/product"}],"about":[{"href":"https:\/\/sandrabernal.co\/en\/wp-json\/wp\/v2\/types\/product"}],"replies":[{"embeddable":true,"href":"https:\/\/sandrabernal.co\/en\/wp-json\/wp\/v2\/comments?post=9912"}],"version-history":[{"count":0,"href":"https:\/\/sandrabernal.co\/en\/wp-json\/wp\/v2\/product\/9912\/revisions"}],"wp:featuredmedia":[{"embeddable":true,"href":"https:\/\/sandrabernal.co\/en\/wp-json\/wp\/v2\/media\/9880"}],"wp:attachment":[{"href":"https:\/\/sandrabernal.co\/en\/wp-json\/wp\/v2\/media?parent=9912"}],"wp:term":[{"taxonomy":"product_cat","embeddable":true,"href":"https:\/\/sandrabernal.co\/en\/wp-json\/wp\/v2\/product_cat?post=9912"},{"taxonomy":"product_tag","embeddable":true,"href":"https:\/\/sandrabernal.co\/en\/wp-json\/wp\/v2\/product_tag?post=9912"}],"curies":[{"name":"wp","href":"https:\/\/api.w.org\/{rel}","templated":true}]}}