{"id":12030,"date":"2025-08-08T10:30:22","date_gmt":"2025-08-08T15:30:22","guid":{"rendered":"https:\/\/sandrabernal.co\/?post_type=product&#038;p=12030"},"modified":"2025-08-14T16:27:26","modified_gmt":"2025-08-14T21:27:26","slug":"chelidonium-majus-d6","status":"publish","type":"product","link":"https:\/\/sandrabernal.co\/en\/product\/chelidonium-majus-d6\/","title":{"rendered":"Chelidonium Majus D6"},"content":{"rendered":"<h4>Recomendaciones:<\/h4>\n<ul>\n<li>Mant\u00e9ngase fuera del alcance de los ni\u00f1os.<\/li>\n<li>Desechar si observa cambios en la apariencia, sabor u olor del producto.<\/li>\n<li>Almacenar a una temperatura no mayor de 30 C* y una humedad relativa no mayor al 75%.<\/li>\n<li>Mantener alejado de todo tipo de radiaci\u00f3n.<\/li>\n<li>Este medicamento no requiere registro sanitario seg\u00fan art\u00edculo 11, Decreto 1737 de 2005.<\/li>\n<\/ul>\n<h4>Posolog\u00eda:<\/h4>\n<ul>\n<li>V\u00eda oral.<\/li>\n<li>Siga siempre la indicaci\u00f3n de su m\u00e9dico.<\/li>\n<li>Lea atentamente las instrucciones y contraindicaciones en la etiqueta.<\/li>\n<li>Si los s\u00edntomas persisten, consulte a su m\u00e9dico.<\/li>\n<\/ul>","protected":false},"excerpt":{"rendered":"<p>Diluci\u00f3n homeop\u00e1tica D6 en frasco gotero de 30 ml o en gl\u00f3bulos.<\/p>\n<p>Usualmente elegida como coadyuvante natural dentro de pr\u00e1cticas de detox, cuidado hep\u00e1tico o procesos digestivos, como parte de una estrategia de bienestar y estilo de vida saludable.<\/p>","protected":false},"featured_media":11992,"comment_status":"closed","ping_status":"closed","template":"","meta":{"_joinchat":[]},"product_cat":[106],"product_tag":[],"class_list":{"0":"post-12030","1":"product","2":"type-product","3":"status-publish","4":"has-post-thumbnail","6":"product_cat-medu","8":"first","9":"instock","10":"shipping-taxable","11":"purchasable","12":"product-type-simple"},"_links":{"self":[{"href":"https:\/\/sandrabernal.co\/en\/wp-json\/wp\/v2\/product\/12030","targetHints":{"allow":["GET"]}}],"collection":[{"href":"https:\/\/sandrabernal.co\/en\/wp-json\/wp\/v2\/product"}],"about":[{"href":"https:\/\/sandrabernal.co\/en\/wp-json\/wp\/v2\/types\/product"}],"replies":[{"embeddable":true,"href":"https:\/\/sandrabernal.co\/en\/wp-json\/wp\/v2\/comments?post=12030"}],"version-history":[{"count":2,"href":"https:\/\/sandrabernal.co\/en\/wp-json\/wp\/v2\/product\/12030\/revisions"}],"predecessor-version":[{"id":12078,"href":"https:\/\/sandrabernal.co\/en\/wp-json\/wp\/v2\/product\/12030\/revisions\/12078"}],"wp:featuredmedia":[{"embeddable":true,"href":"https:\/\/sandrabernal.co\/en\/wp-json\/wp\/v2\/media\/11992"}],"wp:attachment":[{"href":"https:\/\/sandrabernal.co\/en\/wp-json\/wp\/v2\/media?parent=12030"}],"wp:term":[{"taxonomy":"product_cat","embeddable":true,"href":"https:\/\/sandrabernal.co\/en\/wp-json\/wp\/v2\/product_cat?post=12030"},{"taxonomy":"product_tag","embeddable":true,"href":"https:\/\/sandrabernal.co\/en\/wp-json\/wp\/v2\/product_tag?post=12030"}],"curies":[{"name":"wp","href":"https:\/\/api.w.org\/{rel}","templated":true}]}}