{"id":11900,"date":"2024-01-24T16:26:20","date_gmt":"2024-01-24T21:26:20","guid":{"rendered":"https:\/\/sandrabernal.co\/?post_type=product&#038;p=11900"},"modified":"2025-06-09T08:57:44","modified_gmt":"2025-06-09T13:57:44","slug":"svr-serum-clairial","status":"publish","type":"product","link":"https:\/\/sandrabernal.co\/en\/product\/svr-serum-clairial\/","title":{"rendered":"SVR SERUM CLAIRIAL"},"content":{"rendered":"<p>CLAIRIAL S\u00c9RUM : MAGIA<\/p>\n<p>adem\u00e1s de controlar la formaci\u00f3n de manchas, proporciona a tu piel una hidrataci\u00f3n profunda. Es el complemento perfecto para tu rutina de cuidado.<\/p>\n<p>Resultados visibles despu\u00e9s de 14 d\u00edas<\/p>","protected":false},"excerpt":{"rendered":"<p>CLAIRIAL S\u00c9RUM : MAGIA adem\u00e1s de controlar la formaci\u00f3n de manchas, proporciona a tu piel una hidrataci\u00f3n profunda. Es el<\/p>","protected":false},"featured_media":11901,"comment_status":"closed","ping_status":"closed","template":"","meta":{"_joinchat":[]},"product_cat":[20],"product_tag":[],"class_list":{"0":"post-11900","1":"product","2":"type-product","3":"status-publish","4":"has-post-thumbnail","6":"product_cat-accessories","8":"first","9":"instock","10":"shipping-taxable","11":"purchasable","12":"product-type-simple"},"_links":{"self":[{"href":"https:\/\/sandrabernal.co\/en\/wp-json\/wp\/v2\/product\/11900","targetHints":{"allow":["GET"]}}],"collection":[{"href":"https:\/\/sandrabernal.co\/en\/wp-json\/wp\/v2\/product"}],"about":[{"href":"https:\/\/sandrabernal.co\/en\/wp-json\/wp\/v2\/types\/product"}],"replies":[{"embeddable":true,"href":"https:\/\/sandrabernal.co\/en\/wp-json\/wp\/v2\/comments?post=11900"}],"version-history":[{"count":3,"href":"https:\/\/sandrabernal.co\/en\/wp-json\/wp\/v2\/product\/11900\/revisions"}],"predecessor-version":[{"id":11904,"href":"https:\/\/sandrabernal.co\/en\/wp-json\/wp\/v2\/product\/11900\/revisions\/11904"}],"wp:featuredmedia":[{"embeddable":true,"href":"https:\/\/sandrabernal.co\/en\/wp-json\/wp\/v2\/media\/11901"}],"wp:attachment":[{"href":"https:\/\/sandrabernal.co\/en\/wp-json\/wp\/v2\/media?parent=11900"}],"wp:term":[{"taxonomy":"product_cat","embeddable":true,"href":"https:\/\/sandrabernal.co\/en\/wp-json\/wp\/v2\/product_cat?post=11900"},{"taxonomy":"product_tag","embeddable":true,"href":"https:\/\/sandrabernal.co\/en\/wp-json\/wp\/v2\/product_tag?post=11900"}],"curies":[{"name":"wp","href":"https:\/\/api.w.org\/{rel}","templated":true}]}}